{"id":87,"date":"2024-07-16T18:33:40","date_gmt":"2024-07-16T18:33:40","guid":{"rendered":"https:\/\/kontaccr.com\/?page_id=87"},"modified":"2024-08-20T16:56:17","modified_gmt":"2024-08-20T22:56:17","slug":"personal-outsourcing","status":"publish","type":"page","link":"https:\/\/kontaccr.com\/?page_id=87","title":{"rendered":"Personal Outsourcing"},"content":{"rendered":"\t\t<div data-elementor-type=\"wp-page\" data-elementor-id=\"87\" class=\"elementor elementor-87\" data-elementor-post-type=\"page\">\n\t\t\t\t<div class=\"elementor-element elementor-element-30c1b38 e-flex e-con-boxed e-con e-parent\" data-id=\"30c1b38\" data-element_type=\"container\" data-e-type=\"container\" data-settings=\"{&quot;background_background&quot;:&quot;slideshow&quot;,&quot;background_slideshow_gallery&quot;:[{&quot;id&quot;:438,&quot;url&quot;:&quot;https:\\\/\\\/kontaccr.com\\\/wp-content\\\/uploads\\\/2024\\\/08\\\/Outsouncing.png&quot;}],&quot;background_slideshow_loop&quot;:&quot;yes&quot;,&quot;background_slideshow_slide_duration&quot;:5000,&quot;background_slideshow_slide_transition&quot;:&quot;fade&quot;,&quot;background_slideshow_transition_duration&quot;:500}\">\n\t\t\t\t\t<div class=\"e-con-inner\">\n\t\t\t\t<div class=\"elementor-element elementor-element-b8e01f5 elementor-widget elementor-widget-spacer\" data-id=\"b8e01f5\" data-element_type=\"widget\" data-e-type=\"widget\" data-widget_type=\"spacer.default\">\n\t\t\t\t<div class=\"elementor-widget-container\">\n\t\t\t\t\t\t\t<div class=\"elementor-spacer\">\n\t\t\t<div class=\"elementor-spacer-inner\"><\/div>\n\t\t<\/div>\n\t\t\t\t\t\t<\/div>\n\t\t\t\t<\/div>\n\t\t\t\t<div class=\"elementor-element elementor-element-8408463 elementor-widget elementor-widget-spacer\" data-id=\"8408463\" data-element_type=\"widget\" data-e-type=\"widget\" data-widget_type=\"spacer.default\">\n\t\t\t\t<div class=\"elementor-widget-container\">\n\t\t\t\t\t\t\t<div class=\"elementor-spacer\">\n\t\t\t<div class=\"elementor-spacer-inner\"><\/div>\n\t\t<\/div>\n\t\t\t\t\t\t<\/div>\n\t\t\t\t<\/div>\n\t\t\t\t\t<\/div>\n\t\t\t\t<\/div>\n\t\t<div class=\"elementor-element elementor-element-600c864 e-flex e-con-boxed e-con e-parent\" data-id=\"600c864\" data-element_type=\"container\" data-e-type=\"container\" data-settings=\"{&quot;background_background&quot;:&quot;classic&quot;}\">\n\t\t\t\t\t<div class=\"e-con-inner\">\n\t\t\t\t<div class=\"elementor-element elementor-element-9c4be86 elementor-widget elementor-widget-text-editor\" data-id=\"9c4be86\" data-element_type=\"widget\" data-e-type=\"widget\" data-widget_type=\"text-editor.default\">\n\t\t\t\t<div class=\"elementor-widget-container\">\n\t\t\t\t\t\t\t\t\t<p>Somos la soluci\u00f3n estrat\u00e9gica para tus necesidades de recursos humanos. Nos especializamos en la gesti\u00f3n integral del personal, permiti\u00e9ndote concentrarte en tu negocio principal mientras nosotros nos ocupamos de todas las tareas relacionadas con la administraci\u00f3n de recursos humanos. Con nuestra <b>experiencia y profesionalismo<\/b>, <b>garantizamos eficiencia y cumplimiento en cada aspecto del proceso.<\/b><\/p>\n<p>Nuestro servicio de personal outsourcing incluye la b\u00fasqueda, selecci\u00f3n, contrataci\u00f3n y gesti\u00f3n de empleados, asegurando que cuentes con el talento adecuado para cada puesto. Adem\u00e1s, nos ocupamos de la formaci\u00f3n y el desarrollo continuo de tu equipo, as\u00ed como de la gesti\u00f3n de n\u00f3minas y beneficios, cumpliendo con todas las normativas laborales vigentes.<\/p>\n<p>Trabajamos estrechamente contigo para entender tus <b>necesidades espec\u00edficas y proporcionar soluciones personalizadas<\/b> que se alineen con tus objetivos empresariales. Ya sea que necesites personal temporal para proyectos a corto plazo o empleados permanentes para roles cr\u00edticos, <b>estamos aqu\u00ed para apoyarte con rapidez y eficacia.<\/b><\/p>\n<p>Conf\u00eda en KONTAC DIGITAL SOLUTIONS para optimizar tu gesti\u00f3n de recursos humanos y liberar tiempo y recursos para enfocarte en lo que realmente importa: <b>el crecimiento y \u00e9xito de tu negocio.<\/b><\/p>\t\t\t\t\t\t\t\t<\/div>\n\t\t\t\t<\/div>\n\t\t\t\t\t<\/div>\n\t\t\t\t<\/div>\n\t\t<div class=\"elementor-element elementor-element-40368bc e-flex e-con-boxed e-con e-parent\" data-id=\"40368bc\" data-element_type=\"container\" data-e-type=\"container\" data-settings=\"{&quot;background_background&quot;:&quot;classic&quot;}\">\n\t\t\t\t\t<div class=\"e-con-inner\">\n\t\t\t\t<div class=\"elementor-element elementor-element-13900fc elementor-widget elementor-widget-video\" data-id=\"13900fc\" data-element_type=\"widget\" data-e-type=\"widget\" data-settings=\"{&quot;youtube_url&quot;:&quot;https:\\\/\\\/youtu.be\\\/e8qvaE31Uc4&quot;,&quot;video_type&quot;:&quot;youtube&quot;,&quot;controls&quot;:&quot;yes&quot;}\" data-widget_type=\"video.default\">\n\t\t\t\t<div class=\"elementor-widget-container\">\n\t\t\t\t\t\t\t<div class=\"elementor-wrapper elementor-open-inline\">\n\t\t\t<div class=\"elementor-video\"><\/div>\t\t<\/div>\n\t\t\t\t\t\t<\/div>\n\t\t\t\t<\/div>\n\t\t\t\t\t<\/div>\n\t\t\t\t<\/div>\n\t\t<div class=\"elementor-element elementor-element-9064dec e-flex e-con-boxed e-con e-parent\" data-id=\"9064dec\" data-element_type=\"container\" data-e-type=\"container\" data-settings=\"{&quot;background_background&quot;:&quot;classic&quot;}\">\n\t\t\t\t\t<div class=\"e-con-inner\">\n\t\t\t\t<div class=\"elementor-element elementor-element-c40b194 elementor-widget elementor-widget-text-editor\" data-id=\"c40b194\" data-element_type=\"widget\" data-e-type=\"widget\" data-widget_type=\"text-editor.default\">\n\t\t\t\t<div class=\"elementor-widget-container\">\n\t\t\t\t\t\t\t\t\t<h3>\u00a1Conf\u00eda en nuestra experiencia para gestionar tu personal con eficiencia y profesionalismo!&nbsp;<\/h3>\t\t\t\t\t\t\t\t<\/div>\n\t\t\t\t<\/div>\n\t\t\t\t\t<\/div>\n\t\t\t\t<\/div>\n\t\t<div class=\"elementor-element elementor-element-9b7fb4d e-flex e-con-boxed e-con e-parent\" data-id=\"9b7fb4d\" data-element_type=\"container\" data-e-type=\"container\" data-settings=\"{&quot;background_background&quot;:&quot;classic&quot;}\">\n\t\t\t\t\t<div class=\"e-con-inner\">\n\t\t\t\t<div class=\"elementor-element elementor-element-a3df00d elementor-widget elementor-widget-text-editor\" data-id=\"a3df00d\" data-element_type=\"widget\" data-e-type=\"widget\" data-widget_type=\"text-editor.default\">\n\t\t\t\t<div class=\"elementor-widget-container\">\n\t\t\t\t\t\t\t\t\t<h3><span style=\"font-family: var(--headingsfontfamily),var(--nv-fallback-ff); font-size: var(--h3fontsize); font-weight: var(--h3fontweight); letter-spacing: var(--h3letterspacing); text-transform: var(--h3texttransform);\">Ponte en contacto con nosotros y ded\u00edcate a hacer crecer tu negocio.<\/span><\/h3>\t\t\t\t\t\t\t\t<\/div>\n\t\t\t\t<\/div>\n\t\t\t\t<div class=\"elementor-element elementor-element-faca333 elementor-align-center elementor-widget elementor-widget-button\" data-id=\"faca333\" data-element_type=\"widget\" data-e-type=\"widget\" data-widget_type=\"button.default\">\n\t\t\t\t<div class=\"elementor-widget-container\">\n\t\t\t\t\t\t\t\t\t<div class=\"elementor-button-wrapper\">\n\t\t\t\t\t<a class=\"elementor-button elementor-button-link elementor-size-sm\" href=\"https:\/\/wa.link\/tez94w\">\n\t\t\t\t\t\t<span class=\"elementor-button-content-wrapper\">\n\t\t\t\t\t\t<span class=\"elementor-button-icon\">\n\t\t\t\t<svg aria-hidden=\"true\" class=\"e-font-icon-svg e-fab-whatsapp\" viewBox=\"0 0 448 512\" xmlns=\"http:\/\/www.w3.org\/2000\/svg\"><path d=\"M380.9 97.1C339 55.1 283.2 32 223.9 32c-122.4 0-222 99.6-222 222 0 39.1 10.2 77.3 29.6 111L0 480l117.7-30.9c32.4 17.7 68.9 27 106.1 27h.1c122.3 0 224.1-99.6 224.1-222 0-59.3-25.2-115-67.1-157zm-157 341.6c-33.2 0-65.7-8.9-94-25.7l-6.7-4-69.8 18.3L72 359.2l-4.4-7c-18.5-29.4-28.2-63.3-28.2-98.2 0-101.7 82.8-184.5 184.6-184.5 49.3 0 95.6 19.2 130.4 54.1 34.8 34.9 56.2 81.2 56.1 130.5 0 101.8-84.9 184.6-186.6 184.6zm101.2-138.2c-5.5-2.8-32.8-16.2-37.9-18-5.1-1.9-8.8-2.8-12.5 2.8-3.7 5.6-14.3 18-17.6 21.8-3.2 3.7-6.5 4.2-12 1.4-32.6-16.3-54-29.1-75.5-66-5.7-9.8 5.7-9.1 16.3-30.3 1.8-3.7.9-6.9-.5-9.7-1.4-2.8-12.5-30.1-17.1-41.2-4.5-10.8-9.1-9.3-12.5-9.5-3.2-.2-6.9-.2-10.6-.2-3.7 0-9.7 1.4-14.8 6.9-5.1 5.6-19.4 19-19.4 46.3 0 27.3 19.9 53.7 22.6 57.4 2.8 3.7 39.1 59.7 94.8 83.8 35.2 15.2 49 16.5 66.6 13.9 10.7-1.6 32.8-13.4 37.4-26.4 4.6-13 4.6-24.1 3.2-26.4-1.3-2.5-5-3.9-10.5-6.6z\"><\/path><\/svg>\t\t\t<\/span>\n\t\t\t\t\t\t\t\t\t<span class=\"elementor-button-text\">Cotizaci\u00f3n<\/span>\n\t\t\t\t\t<\/span>\n\t\t\t\t\t<\/a>\n\t\t\t\t<\/div>\n\t\t\t\t\t\t\t\t<\/div>\n\t\t\t\t<\/div>\n\t\t\t\t\t<\/div>\n\t\t\t\t<\/div>\n\t\t\t\t<\/div>\n\t\t","protected":false},"excerpt":{"rendered":"<p>Somos la soluci\u00f3n estrat\u00e9gica para tus necesidades de recursos humanos. Nos especializamos en la gesti\u00f3n integral del personal, permiti\u00e9ndote concentrarte en tu negocio principal mientras nosotros nos ocupamos de todas las tareas relacionadas con la administraci\u00f3n de recursos humanos. Con nuestra experiencia y profesionalismo, garantizamos eficiencia y cumplimiento en cada aspecto del proceso. Nuestro servicio&hellip;&nbsp;<a href=\"https:\/\/kontaccr.com\/?page_id=87\" rel=\"bookmark\">Read More &raquo;<span class=\"screen-reader-text\">Personal Outsourcing<\/span><\/a><\/p>\n","protected":false},"author":1,"featured_media":0,"parent":0,"menu_order":0,"comment_status":"closed","ping_status":"closed","template":"page-templates\/template-pagebuilder-full-width.php","meta":{"neve_meta_sidebar":"","neve_meta_container":"","neve_meta_enable_content_width":"","neve_meta_content_width":0,"neve_meta_title_alignment":"","neve_meta_author_avatar":"","neve_post_elements_order":"","neve_meta_disable_header":"","neve_meta_disable_footer":"","neve_meta_disable_title":"","footnotes":""},"class_list":["post-87","page","type-page","status-publish","hentry"],"_links":{"self":[{"href":"https:\/\/kontaccr.com\/index.php?rest_route=\/wp\/v2\/pages\/87","targetHints":{"allow":["GET"]}}],"collection":[{"href":"https:\/\/kontaccr.com\/index.php?rest_route=\/wp\/v2\/pages"}],"about":[{"href":"https:\/\/kontaccr.com\/index.php?rest_route=\/wp\/v2\/types\/page"}],"author":[{"embeddable":true,"href":"https:\/\/kontaccr.com\/index.php?rest_route=\/wp\/v2\/users\/1"}],"replies":[{"embeddable":true,"href":"https:\/\/kontaccr.com\/index.php?rest_route=%2Fwp%2Fv2%2Fcomments&post=87"}],"version-history":[{"count":28,"href":"https:\/\/kontaccr.com\/index.php?rest_route=\/wp\/v2\/pages\/87\/revisions"}],"predecessor-version":[{"id":534,"href":"https:\/\/kontaccr.com\/index.php?rest_route=\/wp\/v2\/pages\/87\/revisions\/534"}],"wp:attachment":[{"href":"https:\/\/kontaccr.com\/index.php?rest_route=%2Fwp%2Fv2%2Fmedia&parent=87"}],"curies":[{"name":"wp","href":"https:\/\/api.w.org\/{rel}","templated":true}]}}