{"id":694,"date":"2024-09-03T11:03:14","date_gmt":"2024-09-03T17:03:14","guid":{"rendered":"https:\/\/kontaccr.com\/?page_id=694"},"modified":"2024-09-03T11:39:43","modified_gmt":"2024-09-03T17:39:43","slug":"politicas","status":"publish","type":"page","link":"https:\/\/kontaccr.com\/?page_id=694","title":{"rendered":"Pol\u00edticas"},"content":{"rendered":"\t\t<div data-elementor-type=\"wp-page\" data-elementor-id=\"694\" class=\"elementor elementor-694\" data-elementor-post-type=\"page\">\n\t\t\t\t<div class=\"elementor-element elementor-element-84f9183 e-flex e-con-boxed e-con e-parent\" data-id=\"84f9183\" data-element_type=\"container\" data-e-type=\"container\">\n\t\t\t\t\t<div class=\"e-con-inner\">\n\t\t\t\t<div class=\"elementor-element elementor-element-24f3bbe elementor-widget elementor-widget-heading\" data-id=\"24f3bbe\" data-element_type=\"widget\" data-e-type=\"widget\" data-widget_type=\"heading.default\">\n\t\t\t\t<div class=\"elementor-widget-container\">\n\t\t\t\t\t<h2 class=\"elementor-heading-title elementor-size-default\">Pol\u00edticas<\/h2>\t\t\t\t<\/div>\n\t\t\t\t<\/div>\n\t\t\t\t\t<\/div>\n\t\t\t\t<\/div>\n\t\t<div class=\"elementor-element elementor-element-254024d e-flex e-con-boxed e-con e-parent\" data-id=\"254024d\" data-element_type=\"container\" data-e-type=\"container\">\n\t\t\t\t\t<div class=\"e-con-inner\">\n\t\t\t\t<div class=\"elementor-element elementor-element-d7cfbc4 elementor-widget__width-initial elementor-widget elementor-widget-text-editor\" data-id=\"d7cfbc4\" data-element_type=\"widget\" data-e-type=\"widget\" data-widget_type=\"text-editor.default\">\n\t\t\t\t<div class=\"elementor-widget-container\">\n\t\t\t\t\t\t\t\t\t<h3><strong>Comentarios<\/strong><\/h3><p class=\"p1\">Cuando los visitantes dejan comentarios en el sitio, recopilamos los datos que se muestran en el formulario de comentarios, y tambi\u00e9n la direcci\u00f3n IP del visitante y la cadena del agente de usuario del navegador para ayudar a la detecci\u00f3n de spam.<\/p><p class=\"p1\">Se puede proporcionar una cadena an\u00f3nima creada a partir de su direcci\u00f3n de correo electr\u00f3nico (tambi\u00e9n llamada hash) al servicio Gravatar para ver si la est\u00e1 utilizando.\u00a0La pol\u00edtica de privacidad del servicio Gravatar est\u00e1 disponible aqu\u00ed: https:\/\/automattic.com\/privacy\/.\u00a0Despu\u00e9s de la aprobaci\u00f3n de su comentario, su foto de perfil es visible para el p\u00fablico en el contexto de su comentario.<\/p><h3 class=\"p1\"><strong>Medios de comunicaci\u00f3n<\/strong><\/h3><p class=\"p2\">Si subes im\u00e1genes al sitio web, debes evitar subir im\u00e1genes con datos de ubicaci\u00f3n incrustados (GPS EXIF) incluidos.\u00a0Los visitantes del sitio web pueden descargar y extraer cualquier dato de ubicaci\u00f3n de las im\u00e1genes del sitio web.<\/p><h3 class=\"p1\"><b>Cookies<\/b><\/h3><p class=\"p2\">Si deja un comentario en nuestro sitio, o llena un formulario de contacto aqu\u00ed, o en nuestras redes sociales o canales digitales, puede optar por guardar su nombre, direcci\u00f3n de correo electr\u00f3nico y sitio web en cookies.\u00a0Estos son para su comodidad, para que no tenga que volver a rellenar sus datos cuando deje otro comentario.\u00a0Estas cookies tendr\u00e1n una duraci\u00f3n de un a\u00f1o.<\/p><p class=\"p2\">Si visita nuestra p\u00e1gina de inicio de sesi\u00f3n, estableceremos una cookie temporal para determinar si su navegador acepta cookies.\u00a0Esta cookie no contiene datos personales y se descarta cuando cierra su navegador.<\/p><p class=\"p2\">Cuando inicie sesi\u00f3n, tambi\u00e9n configuraremos varias cookies para guardar su informaci\u00f3n de inicio de sesi\u00f3n y sus opciones de visualizaci\u00f3n de pantalla.\u00a0Las cookies de inicio de sesi\u00f3n duran dos d\u00edas y las cookies de opciones de pantalla duran un a\u00f1o.\u00a0Si selecciona <span class=\"s1\">\u201c<\/span>Recordarme\u201d, su inicio de sesi\u00f3n persistir\u00e1 durante dos semanas.\u00a0Si cierra sesi\u00f3n en su cuenta, se eliminar\u00e1n las cookies de inicio de sesi\u00f3n<\/p><p class=\"p2\">Si edita o publica un art\u00edculo, se guardar\u00e1 una cookie adicional en su navegador.\u00a0Esta cookie no incluye datos personales y simplemente indica el ID de publicaci\u00f3n del art\u00edculo que acaba de editar.\u00a0Caduca despu\u00e9s de 1 d\u00eda.<\/p><h3 class=\"p1\"><strong>Contenido incrustado de otros sitios web<\/strong><\/h3><p class=\"p2\">Los\u00a0art\u00edculos de este sitio pueden incluir contenido incrustado (por ejemplo, videos, im\u00e1genes, art\u00edculos, etc.).\u00a0El contenido incrustado de otros sitios web se comporta exactamente de la misma manera que si el visitante hubiera visitado el otro sitio web.<\/p><p class=\"p2\">Estos sitios web pueden recopilar datos sobre usted, usar cookies, incrustar un seguimiento adicional de terceros y monitorear su interacci\u00f3n con ese contenido incrustado, incluido el seguimiento de su interacci\u00f3n con el contenido incrustado si tiene una cuenta y ha iniciado sesi\u00f3n en ese sitio web.<\/p><h3 class=\"p1\"><strong>\u00bfCon qui\u00e9n compartimos sus datos?<\/strong><\/h3><p class=\"p2\">No compartimos sus datos con terceros.<\/p><h3 class=\"p1\"><strong>\u00bfCu\u00e1nto tiempo conservamos sus datos?<\/strong><\/h3><p class=\"p2\">Si deja un comentario, el comentario y sus metadatos se conservan indefinidamente.\u00a0Esto es para que podamos reconocer y aprobar cualquier comentario de seguimiento autom\u00e1ticamente en lugar de mantenerlos en una cola de moderaci\u00f3n.<\/p><p class=\"p2\">Para los usuarios que se registran en nuestro sitio web (si los hay), tambi\u00e9n almacenamos la informaci\u00f3n personal que proporcionan en su perfil de usuario.\u00a0Todos los usuarios pueden ver, editar o eliminar su informaci\u00f3n personal en cualquier momento (excepto que no pueden cambiar su nombre de usuario).\u00a0Los administradores del sitio web tambi\u00e9n pueden ver y editar esa informaci\u00f3n.<\/p><h3 class=\"p1\"><strong>\u00bfQu\u00e9 derechos tienes sobre tus datos?<\/strong><\/h3><p class=\"p2\">Si tiene una cuenta en este sitio o ha dejado comentarios, puede solicitar recibir un archivo exportado de los datos personales que tenemos sobre usted, incluidos los datos que nos haya proporcionado.\u00a0Tambi\u00e9n puede solicitar que eliminemos cualquier dato personal que tengamos sobre usted.\u00a0Esto no incluye ning\u00fan dato que estemos obligados a conservar con fines administrativos, legales o de seguridad.<\/p>\t\t\t\t\t\t\t\t<\/div>\n\t\t\t\t<\/div>\n\t\t\t\t\t<\/div>\n\t\t\t\t<\/div>\n\t\t\t\t<\/div>\n\t\t","protected":false},"excerpt":{"rendered":"<p>Pol\u00edticas Comentarios Cuando los visitantes dejan comentarios en el sitio, recopilamos los datos que se muestran en el formulario de comentarios, y tambi\u00e9n la direcci\u00f3n IP del visitante y la cadena del agente de usuario del navegador para ayudar a la detecci\u00f3n de spam. Se puede proporcionar una cadena an\u00f3nima creada a partir de su&hellip;&nbsp;<a href=\"https:\/\/kontaccr.com\/?page_id=694\" rel=\"bookmark\">Read More &raquo;<span class=\"screen-reader-text\">Pol\u00edticas<\/span><\/a><\/p>\n","protected":false},"author":1,"featured_media":0,"parent":0,"menu_order":0,"comment_status":"closed","ping_status":"closed","template":"page-templates\/template-pagebuilder-full-width.php","meta":{"neve_meta_sidebar":"","neve_meta_container":"","neve_meta_enable_content_width":"","neve_meta_content_width":0,"neve_meta_title_alignment":"","neve_meta_author_avatar":"","neve_post_elements_order":"","neve_meta_disable_header":"","neve_meta_disable_footer":"","neve_meta_disable_title":"","footnotes":""},"class_list":["post-694","page","type-page","status-publish","hentry"],"_links":{"self":[{"href":"https:\/\/kontaccr.com\/index.php?rest_route=\/wp\/v2\/pages\/694","targetHints":{"allow":["GET"]}}],"collection":[{"href":"https:\/\/kontaccr.com\/index.php?rest_route=\/wp\/v2\/pages"}],"about":[{"href":"https:\/\/kontaccr.com\/index.php?rest_route=\/wp\/v2\/types\/page"}],"author":[{"embeddable":true,"href":"https:\/\/kontaccr.com\/index.php?rest_route=\/wp\/v2\/users\/1"}],"replies":[{"embeddable":true,"href":"https:\/\/kontaccr.com\/index.php?rest_route=%2Fwp%2Fv2%2Fcomments&post=694"}],"version-history":[{"count":13,"href":"https:\/\/kontaccr.com\/index.php?rest_route=\/wp\/v2\/pages\/694\/revisions"}],"predecessor-version":[{"id":712,"href":"https:\/\/kontaccr.com\/index.php?rest_route=\/wp\/v2\/pages\/694\/revisions\/712"}],"wp:attachment":[{"href":"https:\/\/kontaccr.com\/index.php?rest_route=%2Fwp%2Fv2%2Fmedia&parent=694"}],"curies":[{"name":"wp","href":"https:\/\/api.w.org\/{rel}","templated":true}]}}